{"id":2752,"date":"2020-10-18T09:04:38","date_gmt":"2020-10-18T07:04:38","guid":{"rendered":"https:\/\/www.testsailhan.fr\/?page_id=2752"},"modified":"2024-06-13T10:24:16","modified_gmt":"2024-06-13T08:24:16","slug":"le-moulin","status":"publish","type":"page","link":"https:\/\/mairie-sailhan.fr\/index.php\/le-moulin\/","title":{"rendered":"Le moulin"},"content":{"rendered":"\t\t<div data-elementor-type=\"wp-page\" data-elementor-id=\"2752\" class=\"elementor elementor-2752\" data-elementor-post-type=\"page\">\n\t\t\t\t\t\t<section class=\"elementor-section elementor-top-section elementor-element elementor-element-9cb1f9f elementor-section-boxed elementor-section-height-default elementor-section-height-default\" data-id=\"9cb1f9f\" data-element_type=\"section\" data-e-type=\"section\">\n\t\t\t\t\t\t<div class=\"elementor-container elementor-column-gap-default\">\n\t\t\t\t\t<div class=\"elementor-column elementor-col-100 elementor-top-column elementor-element elementor-element-6a678f6\" data-id=\"6a678f6\" data-element_type=\"column\" data-e-type=\"column\">\n\t\t\t<div class=\"elementor-widget-wrap elementor-element-populated\">\n\t\t\t\t\t\t<div class=\"elementor-element elementor-element-f3c4afb elementor-widget elementor-widget-spacer\" data-id=\"f3c4afb\" data-element_type=\"widget\" data-e-type=\"widget\" data-widget_type=\"spacer.default\">\n\t\t\t\t<div class=\"elementor-widget-container\">\n\t\t\t\t\t\t\t<div class=\"elementor-spacer\">\n\t\t\t<div class=\"elementor-spacer-inner\"><\/div>\n\t\t<\/div>\n\t\t\t\t\t\t<\/div>\n\t\t\t\t<\/div>\n\t\t\t\t\t<\/div>\n\t\t<\/div>\n\t\t\t\t\t<\/div>\n\t\t<\/section>\n\t\t\t\t<section class=\"elementor-section elementor-top-section elementor-element elementor-element-bbdad41 elementor-section-boxed elementor-section-height-default elementor-section-height-default\" data-id=\"bbdad41\" data-element_type=\"section\" data-e-type=\"section\">\n\t\t\t\t\t\t<div class=\"elementor-container elementor-column-gap-default\">\n\t\t\t\t\t<div class=\"elementor-column elementor-col-100 elementor-top-column elementor-element elementor-element-6c67c5e\" data-id=\"6c67c5e\" data-element_type=\"column\" data-e-type=\"column\">\n\t\t\t<div class=\"elementor-widget-wrap elementor-element-populated\">\n\t\t\t\t\t\t<div class=\"elementor-element elementor-element-bfcbe80 elementor-widget elementor-widget-heading\" data-id=\"bfcbe80\" data-element_type=\"widget\" data-e-type=\"widget\" data-widget_type=\"heading.default\">\n\t\t\t\t<div class=\"elementor-widget-container\">\n\t\t\t\t\t<h2 class=\"elementor-heading-title elementor-size-default\">Le moulin de la Mousqu\u00e8re<\/h2>\t\t\t\t<\/div>\n\t\t\t\t<\/div>\n\t\t\t\t\t<\/div>\n\t\t<\/div>\n\t\t\t\t\t<\/div>\n\t\t<\/section>\n\t\t\t\t<section class=\"elementor-section elementor-top-section elementor-element elementor-element-237fa26 elementor-section-boxed elementor-section-height-default elementor-section-height-default\" data-id=\"237fa26\" data-element_type=\"section\" data-e-type=\"section\">\n\t\t\t\t\t\t<div class=\"elementor-container elementor-column-gap-default\">\n\t\t\t\t\t<div class=\"elementor-column elementor-col-33 elementor-top-column elementor-element elementor-element-3073099\" data-id=\"3073099\" data-element_type=\"column\" data-e-type=\"column\">\n\t\t\t<div class=\"elementor-widget-wrap\">\n\t\t\t\t\t\t\t<\/div>\n\t\t<\/div>\n\t\t\t\t<div class=\"elementor-column elementor-col-33 elementor-top-column elementor-element elementor-element-ac910be\" data-id=\"ac910be\" data-element_type=\"column\" data-e-type=\"column\">\n\t\t\t<div class=\"elementor-widget-wrap elementor-element-populated\">\n\t\t\t\t\t\t<div class=\"elementor-element elementor-element-2a71477 elementor-widget elementor-widget-image\" data-id=\"2a71477\" data-element_type=\"widget\" data-e-type=\"widget\" data-widget_type=\"image.default\">\n\t\t\t\t<div class=\"elementor-widget-container\">\n\t\t\t\t\t\t\t\t\t\t\t\t\t\t\t<img fetchpriority=\"high\" decoding=\"async\" width=\"1024\" height=\"678\" src=\"https:\/\/mairie-sailhan.fr\/wp-content\/uploads\/2020\/09\/Sailhan-Moulin-1024x678.jpg\" class=\"attachment-large size-large wp-image-84\" alt=\"Moulin de Sailhan\" srcset=\"https:\/\/mairie-sailhan.fr\/wp-content\/uploads\/2020\/09\/Sailhan-Moulin-1024x678.jpg 1024w, https:\/\/mairie-sailhan.fr\/wp-content\/uploads\/2020\/09\/Sailhan-Moulin-300x199.jpg 300w, https:\/\/mairie-sailhan.fr\/wp-content\/uploads\/2020\/09\/Sailhan-Moulin-768x509.jpg 768w, https:\/\/mairie-sailhan.fr\/wp-content\/uploads\/2020\/09\/Sailhan-Moulin-1536x1017.jpg 1536w, https:\/\/mairie-sailhan.fr\/wp-content\/uploads\/2020\/09\/Sailhan-Moulin-2048x1356.jpg 2048w, https:\/\/mairie-sailhan.fr\/wp-content\/uploads\/2020\/09\/Sailhan-Moulin-1200x795.jpg 1200w, https:\/\/mairie-sailhan.fr\/wp-content\/uploads\/2020\/09\/Sailhan-Moulin-1980x1311.jpg 1980w, https:\/\/mairie-sailhan.fr\/wp-content\/uploads\/2020\/09\/Sailhan-Moulin-scaled-e1599723020611.jpg 1500w\" sizes=\"(max-width: 1024px) 100vw, 1024px\" \/>\t\t\t\t\t\t\t\t\t\t\t\t\t\t\t<\/div>\n\t\t\t\t<\/div>\n\t\t\t\t\t<\/div>\n\t\t<\/div>\n\t\t\t\t<div class=\"elementor-column elementor-col-33 elementor-top-column elementor-element elementor-element-4024ec0\" data-id=\"4024ec0\" data-element_type=\"column\" data-e-type=\"column\">\n\t\t\t<div class=\"elementor-widget-wrap\">\n\t\t\t\t\t\t\t<\/div>\n\t\t<\/div>\n\t\t\t\t\t<\/div>\n\t\t<\/section>\n\t\t\t\t<section class=\"elementor-section elementor-top-section elementor-element elementor-element-b823aa8 elementor-section-boxed elementor-section-height-default elementor-section-height-default\" data-id=\"b823aa8\" data-element_type=\"section\" data-e-type=\"section\">\n\t\t\t\t\t\t<div class=\"elementor-container elementor-column-gap-default\">\n\t\t\t\t\t<div class=\"elementor-column elementor-col-33 elementor-top-column elementor-element elementor-element-686b18b\" data-id=\"686b18b\" data-element_type=\"column\" data-e-type=\"column\">\n\t\t\t<div class=\"elementor-widget-wrap\">\n\t\t\t\t\t\t\t<\/div>\n\t\t<\/div>\n\t\t\t\t<div class=\"elementor-column elementor-col-33 elementor-top-column elementor-element elementor-element-7be34d5\" data-id=\"7be34d5\" data-element_type=\"column\" data-e-type=\"column\">\n\t\t\t<div class=\"elementor-widget-wrap elementor-element-populated\">\n\t\t\t\t\t\t<div class=\"elementor-element elementor-element-b0d9076 elementor-widget elementor-widget-text-editor\" data-id=\"b0d9076\" data-element_type=\"widget\" data-e-type=\"widget\" data-widget_type=\"text-editor.default\">\n\t\t\t\t<div class=\"elementor-widget-container\">\n\t\t\t\t\t\t\t\t\t<p>Le Moulin de la Mousqu\u00e8re est ouvert tous les jours de 15h \u00e0 19h et les membres de l&rsquo;association proposent une visite comment\u00e9e et une d\u00e9monstration de meunerie (d\u2019une dur\u00e9e de 45 minutes). Tarifs : 3 \u20ac pour les adultes, 2 \u20ac pour les enfants \u00e2g\u00e9s entre 7 et 14 ans, gratuit pour les enfants de moins de 7 ans et tarif r\u00e9duit pour les groupes scolaires.\u00a0<\/p><p>Elle organise \u00e9galement des visites, toute l\u2019ann\u00e9e et sur rendez-vous, limit\u00e9es \u00e0 5 personnes. Renseignements au 05 62 40 01 29, au 06 31 27 39 63 ou au 05 62 39 51 13.<\/p>\t\t\t\t\t\t\t\t<\/div>\n\t\t\t\t<\/div>\n\t\t\t\t\t<\/div>\n\t\t<\/div>\n\t\t\t\t<div class=\"elementor-column elementor-col-33 elementor-top-column elementor-element elementor-element-7e3cd79\" data-id=\"7e3cd79\" data-element_type=\"column\" data-e-type=\"column\">\n\t\t\t<div class=\"elementor-widget-wrap\">\n\t\t\t\t\t\t\t<\/div>\n\t\t<\/div>\n\t\t\t\t\t<\/div>\n\t\t<\/section>\n\t\t\t\t<section class=\"elementor-section elementor-top-section elementor-element elementor-element-354ac58 elementor-section-boxed elementor-section-height-default elementor-section-height-default\" data-id=\"354ac58\" data-element_type=\"section\" data-e-type=\"section\">\n\t\t\t\t\t\t<div class=\"elementor-container elementor-column-gap-default\">\n\t\t\t\t\t<div class=\"elementor-column elementor-col-100 elementor-top-column elementor-element elementor-element-e65a244\" data-id=\"e65a244\" data-element_type=\"column\" data-e-type=\"column\">\n\t\t\t<div class=\"elementor-widget-wrap elementor-element-populated\">\n\t\t\t\t\t\t<div class=\"elementor-element elementor-element-9f98543 elementor-widget elementor-widget-spacer\" data-id=\"9f98543\" data-element_type=\"widget\" data-e-type=\"widget\" data-widget_type=\"spacer.default\">\n\t\t\t\t<div class=\"elementor-widget-container\">\n\t\t\t\t\t\t\t<div class=\"elementor-spacer\">\n\t\t\t<div class=\"elementor-spacer-inner\"><\/div>\n\t\t<\/div>\n\t\t\t\t\t\t<\/div>\n\t\t\t\t<\/div>\n\t\t\t\t\t<\/div>\n\t\t<\/div>\n\t\t\t\t\t<\/div>\n\t\t<\/section>\n\t\t\t\t<section class=\"elementor-section elementor-top-section elementor-element elementor-element-3a74256d elementor-section-boxed elementor-section-height-default elementor-section-height-default\" data-id=\"3a74256d\" data-element_type=\"section\" data-e-type=\"section\" data-settings=\"{&quot;background_background&quot;:&quot;classic&quot;}\">\n\t\t\t\t\t\t<div class=\"elementor-container elementor-column-gap-default\">\n\t\t\t\t\t<div class=\"elementor-column elementor-col-25 elementor-top-column elementor-element elementor-element-77667031\" data-id=\"77667031\" data-element_type=\"column\" data-e-type=\"column\">\n\t\t\t<div class=\"elementor-widget-wrap elementor-element-populated\">\n\t\t\t\t\t\t<div class=\"elementor-element elementor-element-7af54fe9 elementor-widget elementor-widget-heading\" data-id=\"7af54fe9\" data-element_type=\"widget\" data-e-type=\"widget\" data-widget_type=\"heading.default\">\n\t\t\t\t<div class=\"elementor-widget-container\">\n\t\t\t\t\t<h4 class=\"elementor-heading-title elementor-size-default\">Mairie<\/h4>\t\t\t\t<\/div>\n\t\t\t\t<\/div>\n\t\t\t\t<div class=\"elementor-element elementor-element-30dc4186 elementor-icon-list--layout-traditional elementor-list-item-link-full_width elementor-widget elementor-widget-icon-list\" data-id=\"30dc4186\" data-element_type=\"widget\" data-e-type=\"widget\" data-widget_type=\"icon-list.default\">\n\t\t\t\t<div class=\"elementor-widget-container\">\n\t\t\t\t\t\t\t<ul class=\"elementor-icon-list-items\">\n\t\t\t\t\t\t\t<li class=\"elementor-icon-list-item\">\n\t\t\t\t\t\t\t\t\t\t<span class=\"elementor-icon-list-text\">Place Bertrand Menvielle<\/span>\n\t\t\t\t\t\t\t\t\t<\/li>\n\t\t\t\t\t\t\t\t<li class=\"elementor-icon-list-item\">\n\t\t\t\t\t\t\t\t\t\t<span class=\"elementor-icon-list-text\">65170 Sailhan<\/span>\n\t\t\t\t\t\t\t\t\t<\/li>\n\t\t\t\t\t\t\t\t<li class=\"elementor-icon-list-item\">\n\t\t\t\t\t\t\t\t\t\t\t<span class=\"elementor-icon-list-icon\">\n\t\t\t\t\t\t\t<i aria-hidden=\"true\" class=\"fas fa-phone-alt\"><\/i>\t\t\t\t\t\t<\/span>\n\t\t\t\t\t\t\t\t\t\t<span class=\"elementor-icon-list-text\">05 62 39 51 13<\/span>\n\t\t\t\t\t\t\t\t\t<\/li>\n\t\t\t\t\t\t\t\t<li class=\"elementor-icon-list-item\">\n\t\t\t\t\t\t\t\t\t\t\t<span class=\"elementor-icon-list-icon\">\n\t\t\t\t\t\t\t<i aria-hidden=\"true\" class=\"fas fa-mail-bulk\"><\/i>\t\t\t\t\t\t<\/span>\n\t\t\t\t\t\t\t\t\t\t<span class=\"elementor-icon-list-text\">commune-de-sailhan@orange.fr<\/span>\n\t\t\t\t\t\t\t\t\t<\/li>\n\t\t\t\t\t\t<\/ul>\n\t\t\t\t\t\t<\/div>\n\t\t\t\t<\/div>\n\t\t\t\t\t<\/div>\n\t\t<\/div>\n\t\t\t\t<div class=\"elementor-column elementor-col-25 elementor-top-column elementor-element elementor-element-10b95b0a\" data-id=\"10b95b0a\" data-element_type=\"column\" data-e-type=\"column\">\n\t\t\t<div class=\"elementor-widget-wrap elementor-element-populated\">\n\t\t\t\t\t\t<div class=\"elementor-element elementor-element-7554188f elementor-widget elementor-widget-heading\" data-id=\"7554188f\" data-element_type=\"widget\" data-e-type=\"widget\" data-widget_type=\"heading.default\">\n\t\t\t\t<div class=\"elementor-widget-container\">\n\t\t\t\t\t<h4 class=\"elementor-heading-title elementor-size-default\"><a href=\"https:\/\/www.mairie-sailhan.fr\/index.php\/mentions-legales\/\">Mentions legales<\/a><\/h4>\t\t\t\t<\/div>\n\t\t\t\t<\/div>\n\t\t\t\t\t<\/div>\n\t\t<\/div>\n\t\t\t\t<div class=\"elementor-column elementor-col-25 elementor-top-column elementor-element elementor-element-5c6125ba\" data-id=\"5c6125ba\" data-element_type=\"column\" data-e-type=\"column\">\n\t\t\t<div class=\"elementor-widget-wrap elementor-element-populated\">\n\t\t\t\t\t\t<div class=\"elementor-element elementor-element-50bd7908 elementor-widget elementor-widget-heading\" data-id=\"50bd7908\" data-element_type=\"widget\" data-e-type=\"widget\" data-widget_type=\"heading.default\">\n\t\t\t\t<div class=\"elementor-widget-container\">\n\t\t\t\t\t<h4 class=\"elementor-heading-title elementor-size-default\">Social Media<\/h4>\t\t\t\t<\/div>\n\t\t\t\t<\/div>\n\t\t\t\t<div class=\"elementor-element elementor-element-786a461d e-grid-align-left elementor-shape-rounded elementor-grid-0 elementor-widget elementor-widget-social-icons\" data-id=\"786a461d\" data-element_type=\"widget\" data-e-type=\"widget\" data-widget_type=\"social-icons.default\">\n\t\t\t\t<div class=\"elementor-widget-container\">\n\t\t\t\t\t\t\t<div class=\"elementor-social-icons-wrapper elementor-grid\" role=\"list\">\n\t\t\t\t\t\t\t<span class=\"elementor-grid-item\" role=\"listitem\">\n\t\t\t\t\t<a class=\"elementor-icon elementor-social-icon elementor-social-icon-facebook-f elementor-repeater-item-c1104d1\" href=\"https:\/\/www.facebook.com\/people\/Mairie-de-Sailhan\/100088254394758\/\" target=\"_blank\">\n\t\t\t\t\t\t<span class=\"elementor-screen-only\">Facebook-f<\/span>\n\t\t\t\t\t\t<i aria-hidden=\"true\" class=\"fab fa-facebook-f\"><\/i>\t\t\t\t\t<\/a>\n\t\t\t\t<\/span>\n\t\t\t\t\t\t\t<span class=\"elementor-grid-item\" role=\"listitem\">\n\t\t\t\t\t<a class=\"elementor-icon elementor-social-icon elementor-social-icon-instagram elementor-repeater-item-1893ab4\" href=\"http:\/\/instagram.com\/sailhan_officiel\" target=\"_blank\">\n\t\t\t\t\t\t<span class=\"elementor-screen-only\">Instagram<\/span>\n\t\t\t\t\t\t<i aria-hidden=\"true\" class=\"fab fa-instagram\"><\/i>\t\t\t\t\t<\/a>\n\t\t\t\t<\/span>\n\t\t\t\t\t<\/div>\n\t\t\t\t\t\t<\/div>\n\t\t\t\t<\/div>\n\t\t\t\t\t<\/div>\n\t\t<\/div>\n\t\t\t\t<div class=\"elementor-column elementor-col-25 elementor-top-column elementor-element elementor-element-2eab99c3\" data-id=\"2eab99c3\" data-element_type=\"column\" data-e-type=\"column\">\n\t\t\t<div class=\"elementor-widget-wrap elementor-element-populated\">\n\t\t\t\t\t\t<div class=\"elementor-element elementor-element-51ac26e1 elementor-align-justify elementor-widget elementor-widget-button\" data-id=\"51ac26e1\" data-element_type=\"widget\" data-e-type=\"widget\" data-widget_type=\"button.default\">\n\t\t\t\t<div class=\"elementor-widget-container\">\n\t\t\t\t\t\t\t\t\t<div class=\"elementor-button-wrapper\">\n\t\t\t\t\t<a class=\"elementor-button elementor-button-link elementor-size-sm\" href=\"https:\/\/www.mairie-sailhan.fr\/\">\n\t\t\t\t\t\t<span class=\"elementor-button-content-wrapper\">\n\t\t\t\t\t\t<span class=\"elementor-button-icon\">\n\t\t\t\t<i aria-hidden=\"true\" class=\"fas fa-home\"><\/i>\t\t\t<\/span>\n\t\t\t\t\t\t\t\t\t<span class=\"elementor-button-text\">ACCUEIL<\/span>\n\t\t\t\t\t<\/span>\n\t\t\t\t\t<\/a>\n\t\t\t\t<\/div>\n\t\t\t\t\t\t\t\t<\/div>\n\t\t\t\t<\/div>\n\t\t\t\t\t<\/div>\n\t\t<\/div>\n\t\t\t\t\t<\/div>\n\t\t<\/section>\n\t\t\t\t<\/div>\n\t\t","protected":false},"excerpt":{"rendered":"<p>Le moulin de la Mousqu\u00e8re Le Moulin de la Mousqu\u00e8re est ouvert tous les jours de 15h \u00e0 19h et les membres de l&rsquo;association proposent une visite comment\u00e9e et une d\u00e9monstration de meunerie (d\u2019une dur\u00e9e de 45 minutes). Tarifs : 3 \u20ac pour les adultes, 2 \u20ac pour les enfants \u00e2g\u00e9s entre 7 et 14 [&hellip;]<\/p>\n","protected":false},"author":1,"featured_media":0,"parent":0,"menu_order":0,"comment_status":"closed","ping_status":"closed","template":"elementor_canvas","meta":{"h5ap_radio_sources":[],"footnotes":""},"class_list":["post-2752","page","type-page","status-publish","hentry","wpbf-post"],"yoast_head":"<!-- This site is optimized with the Yoast SEO plugin v27.6 - https:\/\/yoast.com\/product\/yoast-seo-wordpress\/ -->\n<title>Le moulin - mairie-sailhan.fr<\/title>\n<meta name=\"robots\" content=\"index, follow, max-snippet:-1, max-image-preview:large, max-video-preview:-1\" \/>\n<link rel=\"canonical\" href=\"https:\/\/mairie-sailhan.fr\/index.php\/le-moulin\/\" \/>\n<meta property=\"og:locale\" content=\"fr_FR\" \/>\n<meta property=\"og:type\" content=\"article\" \/>\n<meta property=\"og:title\" content=\"Le moulin - mairie-sailhan.fr\" \/>\n<meta property=\"og:description\" content=\"Le moulin de la Mousqu\u00e8re Le Moulin de la Mousqu\u00e8re est ouvert tous les jours de 15h \u00e0 19h et les membres de l&rsquo;association proposent une visite comment\u00e9e et une d\u00e9monstration de meunerie (d\u2019une dur\u00e9e de 45 minutes). Tarifs : 3 \u20ac pour les adultes, 2 \u20ac pour les enfants \u00e2g\u00e9s entre 7 et 14 [&hellip;]\" \/>\n<meta property=\"og:url\" content=\"https:\/\/mairie-sailhan.fr\/index.php\/le-moulin\/\" \/>\n<meta property=\"og:site_name\" content=\"mairie-sailhan.fr\" \/>\n<meta property=\"article:modified_time\" content=\"2024-06-13T08:24:16+00:00\" \/>\n<meta property=\"og:image\" content=\"https:\/\/mairie-sailhan.fr\/wp-content\/uploads\/2020\/09\/Sailhan-Moulin-1024x678.jpg\" \/>\n<meta name=\"twitter:card\" content=\"summary_large_image\" \/>\n<meta name=\"twitter:label1\" content=\"Dur\u00e9e de lecture estim\u00e9e\" \/>\n\t<meta name=\"twitter:data1\" content=\"1 minute\" \/>\n<script type=\"application\/ld+json\" class=\"yoast-schema-graph\">{\"@context\":\"https:\\\/\\\/schema.org\",\"@graph\":[{\"@type\":\"WebPage\",\"@id\":\"https:\\\/\\\/mairie-sailhan.fr\\\/index.php\\\/le-moulin\\\/\",\"url\":\"https:\\\/\\\/mairie-sailhan.fr\\\/index.php\\\/le-moulin\\\/\",\"name\":\"Le moulin - mairie-sailhan.fr\",\"isPartOf\":{\"@id\":\"https:\\\/\\\/mairie-sailhan.fr\\\/#website\"},\"primaryImageOfPage\":{\"@id\":\"https:\\\/\\\/mairie-sailhan.fr\\\/index.php\\\/le-moulin\\\/#primaryimage\"},\"image\":{\"@id\":\"https:\\\/\\\/mairie-sailhan.fr\\\/index.php\\\/le-moulin\\\/#primaryimage\"},\"thumbnailUrl\":\"https:\\\/\\\/mairie-sailhan.fr\\\/wp-content\\\/uploads\\\/2020\\\/09\\\/Sailhan-Moulin-1024x678.jpg\",\"datePublished\":\"2020-10-18T07:04:38+00:00\",\"dateModified\":\"2024-06-13T08:24:16+00:00\",\"inLanguage\":\"fr-FR\",\"potentialAction\":[{\"@type\":\"ReadAction\",\"target\":[\"https:\\\/\\\/mairie-sailhan.fr\\\/index.php\\\/le-moulin\\\/\"]}]},{\"@type\":\"ImageObject\",\"inLanguage\":\"fr-FR\",\"@id\":\"https:\\\/\\\/mairie-sailhan.fr\\\/index.php\\\/le-moulin\\\/#primaryimage\",\"url\":\"https:\\\/\\\/mairie-sailhan.fr\\\/wp-content\\\/uploads\\\/2020\\\/09\\\/Sailhan-Moulin-1024x678.jpg\",\"contentUrl\":\"https:\\\/\\\/mairie-sailhan.fr\\\/wp-content\\\/uploads\\\/2020\\\/09\\\/Sailhan-Moulin-1024x678.jpg\"},{\"@type\":\"WebSite\",\"@id\":\"https:\\\/\\\/mairie-sailhan.fr\\\/#website\",\"url\":\"https:\\\/\\\/mairie-sailhan.fr\\\/\",\"name\":\"mairie-sailhan.fr\",\"description\":\"Mairie de Sailhan\",\"publisher\":{\"@id\":\"https:\\\/\\\/mairie-sailhan.fr\\\/#organization\"},\"potentialAction\":[{\"@type\":\"SearchAction\",\"target\":{\"@type\":\"EntryPoint\",\"urlTemplate\":\"https:\\\/\\\/mairie-sailhan.fr\\\/?s={search_term_string}\"},\"query-input\":{\"@type\":\"PropertyValueSpecification\",\"valueRequired\":true,\"valueName\":\"search_term_string\"}}],\"inLanguage\":\"fr-FR\"},{\"@type\":\"Organization\",\"@id\":\"https:\\\/\\\/mairie-sailhan.fr\\\/#organization\",\"name\":\"mairie-sailhan.fr\",\"url\":\"https:\\\/\\\/mairie-sailhan.fr\\\/\",\"logo\":{\"@type\":\"ImageObject\",\"inLanguage\":\"fr-FR\",\"@id\":\"https:\\\/\\\/mairie-sailhan.fr\\\/#\\\/schema\\\/logo\\\/image\\\/\",\"url\":\"https:\\\/\\\/mairie-sailhan.fr\\\/wp-content\\\/uploads\\\/2020\\\/09\\\/cropped-800px-Blason_ville_fr_Sailhan_65.svg.png\",\"contentUrl\":\"https:\\\/\\\/mairie-sailhan.fr\\\/wp-content\\\/uploads\\\/2020\\\/09\\\/cropped-800px-Blason_ville_fr_Sailhan_65.svg.png\",\"width\":800,\"height\":878,\"caption\":\"mairie-sailhan.fr\"},\"image\":{\"@id\":\"https:\\\/\\\/mairie-sailhan.fr\\\/#\\\/schema\\\/logo\\\/image\\\/\"}}]}<\/script>\n<!-- \/ Yoast SEO plugin. -->","yoast_head_json":{"title":"Le moulin - mairie-sailhan.fr","robots":{"index":"index","follow":"follow","max-snippet":"max-snippet:-1","max-image-preview":"max-image-preview:large","max-video-preview":"max-video-preview:-1"},"canonical":"https:\/\/mairie-sailhan.fr\/index.php\/le-moulin\/","og_locale":"fr_FR","og_type":"article","og_title":"Le moulin - mairie-sailhan.fr","og_description":"Le moulin de la Mousqu\u00e8re Le Moulin de la Mousqu\u00e8re est ouvert tous les jours de 15h \u00e0 19h et les membres de l&rsquo;association proposent une visite comment\u00e9e et une d\u00e9monstration de meunerie (d\u2019une dur\u00e9e de 45 minutes). Tarifs : 3 \u20ac pour les adultes, 2 \u20ac pour les enfants \u00e2g\u00e9s entre 7 et 14 [&hellip;]","og_url":"https:\/\/mairie-sailhan.fr\/index.php\/le-moulin\/","og_site_name":"mairie-sailhan.fr","article_modified_time":"2024-06-13T08:24:16+00:00","og_image":[{"url":"https:\/\/mairie-sailhan.fr\/wp-content\/uploads\/2020\/09\/Sailhan-Moulin-1024x678.jpg","type":"","width":"","height":""}],"twitter_card":"summary_large_image","twitter_misc":{"Dur\u00e9e de lecture estim\u00e9e":"1 minute"},"schema":{"@context":"https:\/\/schema.org","@graph":[{"@type":"WebPage","@id":"https:\/\/mairie-sailhan.fr\/index.php\/le-moulin\/","url":"https:\/\/mairie-sailhan.fr\/index.php\/le-moulin\/","name":"Le moulin - mairie-sailhan.fr","isPartOf":{"@id":"https:\/\/mairie-sailhan.fr\/#website"},"primaryImageOfPage":{"@id":"https:\/\/mairie-sailhan.fr\/index.php\/le-moulin\/#primaryimage"},"image":{"@id":"https:\/\/mairie-sailhan.fr\/index.php\/le-moulin\/#primaryimage"},"thumbnailUrl":"https:\/\/mairie-sailhan.fr\/wp-content\/uploads\/2020\/09\/Sailhan-Moulin-1024x678.jpg","datePublished":"2020-10-18T07:04:38+00:00","dateModified":"2024-06-13T08:24:16+00:00","inLanguage":"fr-FR","potentialAction":[{"@type":"ReadAction","target":["https:\/\/mairie-sailhan.fr\/index.php\/le-moulin\/"]}]},{"@type":"ImageObject","inLanguage":"fr-FR","@id":"https:\/\/mairie-sailhan.fr\/index.php\/le-moulin\/#primaryimage","url":"https:\/\/mairie-sailhan.fr\/wp-content\/uploads\/2020\/09\/Sailhan-Moulin-1024x678.jpg","contentUrl":"https:\/\/mairie-sailhan.fr\/wp-content\/uploads\/2020\/09\/Sailhan-Moulin-1024x678.jpg"},{"@type":"WebSite","@id":"https:\/\/mairie-sailhan.fr\/#website","url":"https:\/\/mairie-sailhan.fr\/","name":"mairie-sailhan.fr","description":"Mairie de Sailhan","publisher":{"@id":"https:\/\/mairie-sailhan.fr\/#organization"},"potentialAction":[{"@type":"SearchAction","target":{"@type":"EntryPoint","urlTemplate":"https:\/\/mairie-sailhan.fr\/?s={search_term_string}"},"query-input":{"@type":"PropertyValueSpecification","valueRequired":true,"valueName":"search_term_string"}}],"inLanguage":"fr-FR"},{"@type":"Organization","@id":"https:\/\/mairie-sailhan.fr\/#organization","name":"mairie-sailhan.fr","url":"https:\/\/mairie-sailhan.fr\/","logo":{"@type":"ImageObject","inLanguage":"fr-FR","@id":"https:\/\/mairie-sailhan.fr\/#\/schema\/logo\/image\/","url":"https:\/\/mairie-sailhan.fr\/wp-content\/uploads\/2020\/09\/cropped-800px-Blason_ville_fr_Sailhan_65.svg.png","contentUrl":"https:\/\/mairie-sailhan.fr\/wp-content\/uploads\/2020\/09\/cropped-800px-Blason_ville_fr_Sailhan_65.svg.png","width":800,"height":878,"caption":"mairie-sailhan.fr"},"image":{"@id":"https:\/\/mairie-sailhan.fr\/#\/schema\/logo\/image\/"}}]}},"_links":{"self":[{"href":"https:\/\/mairie-sailhan.fr\/index.php\/wp-json\/wp\/v2\/pages\/2752","targetHints":{"allow":["GET"]}}],"collection":[{"href":"https:\/\/mairie-sailhan.fr\/index.php\/wp-json\/wp\/v2\/pages"}],"about":[{"href":"https:\/\/mairie-sailhan.fr\/index.php\/wp-json\/wp\/v2\/types\/page"}],"author":[{"embeddable":true,"href":"https:\/\/mairie-sailhan.fr\/index.php\/wp-json\/wp\/v2\/users\/1"}],"replies":[{"embeddable":true,"href":"https:\/\/mairie-sailhan.fr\/index.php\/wp-json\/wp\/v2\/comments?post=2752"}],"version-history":[{"count":0,"href":"https:\/\/mairie-sailhan.fr\/index.php\/wp-json\/wp\/v2\/pages\/2752\/revisions"}],"wp:attachment":[{"href":"https:\/\/mairie-sailhan.fr\/index.php\/wp-json\/wp\/v2\/media?parent=2752"}],"curies":[{"name":"wp","href":"https:\/\/api.w.org\/{rel}","templated":true}]}}