{"id":306,"date":"2020-09-08T16:31:52","date_gmt":"2020-09-08T14:31:52","guid":{"rendered":"https:\/\/www.testsailhan.fr\/?page_id=306"},"modified":"2022-11-23T16:37:23","modified_gmt":"2022-11-23T15:37:23","slug":"patrimoine","status":"publish","type":"page","link":"https:\/\/mairie-sailhan.fr\/index.php\/patrimoine\/","title":{"rendered":"Le patrimoine"},"content":{"rendered":"\t\t<div data-elementor-type=\"wp-page\" data-elementor-id=\"306\" class=\"elementor elementor-306\" data-elementor-post-type=\"page\">\n\t\t\t\t\t\t<section class=\"elementor-section elementor-top-section elementor-element elementor-element-acc86b5 elementor-section-boxed elementor-section-height-default elementor-section-height-default\" data-id=\"acc86b5\" data-element_type=\"section\" data-e-type=\"section\">\n\t\t\t\t\t\t<div class=\"elementor-container elementor-column-gap-default\">\n\t\t\t\t\t<div class=\"elementor-column elementor-col-100 elementor-top-column elementor-element elementor-element-66daa94\" data-id=\"66daa94\" data-element_type=\"column\" data-e-type=\"column\">\n\t\t\t<div class=\"elementor-widget-wrap elementor-element-populated\">\n\t\t\t\t\t\t<div class=\"elementor-element elementor-element-46f2b75 elementor-widget elementor-widget-spacer\" data-id=\"46f2b75\" data-element_type=\"widget\" data-e-type=\"widget\" data-widget_type=\"spacer.default\">\n\t\t\t\t<div class=\"elementor-widget-container\">\n\t\t\t\t\t\t\t<div class=\"elementor-spacer\">\n\t\t\t<div class=\"elementor-spacer-inner\"><\/div>\n\t\t<\/div>\n\t\t\t\t\t\t<\/div>\n\t\t\t\t<\/div>\n\t\t\t\t\t<\/div>\n\t\t<\/div>\n\t\t\t\t\t<\/div>\n\t\t<\/section>\n\t\t\t\t<section class=\"elementor-section elementor-top-section elementor-element elementor-element-e851ecb elementor-section-boxed elementor-section-height-default elementor-section-height-default\" data-id=\"e851ecb\" data-element_type=\"section\" data-e-type=\"section\">\n\t\t\t\t\t\t<div class=\"elementor-container elementor-column-gap-default\">\n\t\t\t\t\t<div class=\"elementor-column elementor-col-100 elementor-top-column elementor-element elementor-element-be92d65\" data-id=\"be92d65\" data-element_type=\"column\" data-e-type=\"column\">\n\t\t\t<div class=\"elementor-widget-wrap elementor-element-populated\">\n\t\t\t\t\t\t<div class=\"elementor-element elementor-element-37845ca elementor-widget elementor-widget-heading\" data-id=\"37845ca\" data-element_type=\"widget\" data-e-type=\"widget\" data-widget_type=\"heading.default\">\n\t\t\t\t<div class=\"elementor-widget-container\">\n\t\t\t\t\t<h2 class=\"elementor-heading-title elementor-size-default\">Le patrimoine<\/h2>\t\t\t\t<\/div>\n\t\t\t\t<\/div>\n\t\t\t\t\t<\/div>\n\t\t<\/div>\n\t\t\t\t\t<\/div>\n\t\t<\/section>\n\t\t\t\t<section class=\"elementor-section elementor-top-section elementor-element elementor-element-11c6e6a elementor-section-boxed elementor-section-height-default elementor-section-height-default\" data-id=\"11c6e6a\" data-element_type=\"section\" data-e-type=\"section\">\n\t\t\t\t\t\t<div class=\"elementor-container elementor-column-gap-default\">\n\t\t\t\t\t<div class=\"elementor-column elementor-col-100 elementor-top-column elementor-element elementor-element-80f5edc\" data-id=\"80f5edc\" data-element_type=\"column\" data-e-type=\"column\">\n\t\t\t<div class=\"elementor-widget-wrap elementor-element-populated\">\n\t\t\t\t\t\t<div class=\"elementor-element elementor-element-4adc154 elementor-widget elementor-widget-spacer\" data-id=\"4adc154\" data-element_type=\"widget\" data-e-type=\"widget\" data-widget_type=\"spacer.default\">\n\t\t\t\t<div class=\"elementor-widget-container\">\n\t\t\t\t\t\t\t<div class=\"elementor-spacer\">\n\t\t\t<div class=\"elementor-spacer-inner\"><\/div>\n\t\t<\/div>\n\t\t\t\t\t\t<\/div>\n\t\t\t\t<\/div>\n\t\t\t\t<div class=\"elementor-element elementor-element-36ca9fe elementor-widget elementor-widget-text-editor\" data-id=\"36ca9fe\" data-element_type=\"widget\" data-e-type=\"widget\" data-widget_type=\"text-editor.default\">\n\t\t\t\t<div class=\"elementor-widget-container\">\n\t\t\t\t\t\t\t\t\t<p><a href=\"https:\/\/www.mairie-sailhan.fr\/index.php\/le-pastoralists\/\" target=\"_blank\" rel=\"noopener\">Le pastoralisme<\/a><\/p><p><a href=\"https:\/\/www.mairie-sailhan.fr\/index.php\/le-patrimoine-religieux\/\" target=\"_blank\" rel=\"noopener\">Le patrimoine religieux<\/a><\/p><p><a href=\"https:\/\/www.mairie-sailhan.fr\/index.php\/les-fontaines\/\" target=\"_blank\" rel=\"noopener\">Les fontaines du village<\/a><\/p><p><a href=\"https:\/\/www.mairie-sailhan.fr\/index.php\/le-moulin-de-la-mousquere\/\" target=\"_blank\" rel=\"noopener\">Le moulin de la mousqu\u00e8re et son dernier meunier Barth\u00e9l\u00e9my Ferras<\/a><\/p><p><a href=\"https:\/\/www.mairie-sailhan.fr\/index.php\/la-vallee-du-rioumajou\/\" target=\"_blank\" rel=\"noopener\">La vall\u00e9e du Rioumajou<\/a><\/p><p><a href=\"https:\/\/www.mairie-sailhan.fr\/index.php\/lhistoire-du-village-de-sailhan\/\" target=\"_blank\" rel=\"noopener\">L&rsquo;histoire du village de Sailhan<\/a><\/p>\t\t\t\t\t\t\t\t<\/div>\n\t\t\t\t<\/div>\n\t\t\t\t\t<\/div>\n\t\t<\/div>\n\t\t\t\t\t<\/div>\n\t\t<\/section>\n\t\t\t\t<section class=\"elementor-section elementor-top-section elementor-element elementor-element-ad11df7 elementor-section-boxed elementor-section-height-default elementor-section-height-default\" data-id=\"ad11df7\" data-element_type=\"section\" data-e-type=\"section\">\n\t\t\t\t\t\t<div class=\"elementor-container elementor-column-gap-default\">\n\t\t\t\t\t<div class=\"elementor-column elementor-col-100 elementor-top-column elementor-element elementor-element-c3921f7\" data-id=\"c3921f7\" data-element_type=\"column\" data-e-type=\"column\">\n\t\t\t<div class=\"elementor-widget-wrap elementor-element-populated\">\n\t\t\t\t\t\t<div class=\"elementor-element elementor-element-172dbda elementor-widget elementor-widget-spacer\" data-id=\"172dbda\" data-element_type=\"widget\" data-e-type=\"widget\" data-widget_type=\"spacer.default\">\n\t\t\t\t<div class=\"elementor-widget-container\">\n\t\t\t\t\t\t\t<div class=\"elementor-spacer\">\n\t\t\t<div class=\"elementor-spacer-inner\"><\/div>\n\t\t<\/div>\n\t\t\t\t\t\t<\/div>\n\t\t\t\t<\/div>\n\t\t\t\t\t<\/div>\n\t\t<\/div>\n\t\t\t\t\t<\/div>\n\t\t<\/section>\n\t\t\t\t<section class=\"elementor-section elementor-top-section elementor-element elementor-element-1715fba0 elementor-section-boxed elementor-section-height-default elementor-section-height-default\" data-id=\"1715fba0\" data-element_type=\"section\" data-e-type=\"section\" data-settings=\"{&quot;background_background&quot;:&quot;classic&quot;}\">\n\t\t\t\t\t\t<div class=\"elementor-container elementor-column-gap-default\">\n\t\t\t\t\t<div class=\"elementor-column elementor-col-25 elementor-top-column elementor-element elementor-element-5fe51213\" data-id=\"5fe51213\" data-element_type=\"column\" data-e-type=\"column\">\n\t\t\t<div class=\"elementor-widget-wrap elementor-element-populated\">\n\t\t\t\t\t\t<div class=\"elementor-element elementor-element-127bcab2 elementor-widget elementor-widget-heading\" data-id=\"127bcab2\" data-element_type=\"widget\" data-e-type=\"widget\" data-widget_type=\"heading.default\">\n\t\t\t\t<div class=\"elementor-widget-container\">\n\t\t\t\t\t<h4 class=\"elementor-heading-title elementor-size-default\">Mairie<\/h4>\t\t\t\t<\/div>\n\t\t\t\t<\/div>\n\t\t\t\t<div class=\"elementor-element elementor-element-6c9bbd3e elementor-icon-list--layout-traditional elementor-list-item-link-full_width elementor-widget elementor-widget-icon-list\" data-id=\"6c9bbd3e\" data-element_type=\"widget\" data-e-type=\"widget\" data-widget_type=\"icon-list.default\">\n\t\t\t\t<div class=\"elementor-widget-container\">\n\t\t\t\t\t\t\t<ul class=\"elementor-icon-list-items\">\n\t\t\t\t\t\t\t<li class=\"elementor-icon-list-item\">\n\t\t\t\t\t\t\t\t\t\t<span class=\"elementor-icon-list-text\">Place Bertrand Menvielle<\/span>\n\t\t\t\t\t\t\t\t\t<\/li>\n\t\t\t\t\t\t\t\t<li class=\"elementor-icon-list-item\">\n\t\t\t\t\t\t\t\t\t\t<span class=\"elementor-icon-list-text\">65170 Sailhan<\/span>\n\t\t\t\t\t\t\t\t\t<\/li>\n\t\t\t\t\t\t\t\t<li class=\"elementor-icon-list-item\">\n\t\t\t\t\t\t\t\t\t\t\t<span class=\"elementor-icon-list-icon\">\n\t\t\t\t\t\t\t<i aria-hidden=\"true\" class=\"fas fa-phone-alt\"><\/i>\t\t\t\t\t\t<\/span>\n\t\t\t\t\t\t\t\t\t\t<span class=\"elementor-icon-list-text\">05 62 39 51 13<\/span>\n\t\t\t\t\t\t\t\t\t<\/li>\n\t\t\t\t\t\t\t\t<li class=\"elementor-icon-list-item\">\n\t\t\t\t\t\t\t\t\t\t\t<span class=\"elementor-icon-list-icon\">\n\t\t\t\t\t\t\t<i aria-hidden=\"true\" class=\"fas fa-mail-bulk\"><\/i>\t\t\t\t\t\t<\/span>\n\t\t\t\t\t\t\t\t\t\t<span class=\"elementor-icon-list-text\">commune-de-sailhan@orange.fr<\/span>\n\t\t\t\t\t\t\t\t\t<\/li>\n\t\t\t\t\t\t<\/ul>\n\t\t\t\t\t\t<\/div>\n\t\t\t\t<\/div>\n\t\t\t\t\t<\/div>\n\t\t<\/div>\n\t\t\t\t<div class=\"elementor-column elementor-col-25 elementor-top-column elementor-element elementor-element-3d3090d1\" data-id=\"3d3090d1\" data-element_type=\"column\" data-e-type=\"column\">\n\t\t\t<div class=\"elementor-widget-wrap elementor-element-populated\">\n\t\t\t\t\t\t<div class=\"elementor-element elementor-element-4776a21e elementor-widget elementor-widget-heading\" data-id=\"4776a21e\" data-element_type=\"widget\" data-e-type=\"widget\" data-widget_type=\"heading.default\">\n\t\t\t\t<div class=\"elementor-widget-container\">\n\t\t\t\t\t<h4 class=\"elementor-heading-title elementor-size-default\"><a href=\"https:\/\/www.mairie-sailhan.fr\/index.php\/mentions-legales\/\">Mentions legales<\/a><\/h4>\t\t\t\t<\/div>\n\t\t\t\t<\/div>\n\t\t\t\t\t<\/div>\n\t\t<\/div>\n\t\t\t\t<div class=\"elementor-column elementor-col-25 elementor-top-column elementor-element elementor-element-7b933170\" data-id=\"7b933170\" data-element_type=\"column\" data-e-type=\"column\">\n\t\t\t<div class=\"elementor-widget-wrap elementor-element-populated\">\n\t\t\t\t\t\t<div class=\"elementor-element elementor-element-16d7dc5a elementor-widget elementor-widget-heading\" data-id=\"16d7dc5a\" data-element_type=\"widget\" data-e-type=\"widget\" data-widget_type=\"heading.default\">\n\t\t\t\t<div class=\"elementor-widget-container\">\n\t\t\t\t\t<h4 class=\"elementor-heading-title elementor-size-default\">Social Media<\/h4>\t\t\t\t<\/div>\n\t\t\t\t<\/div>\n\t\t\t\t<div class=\"elementor-element elementor-element-29522ea1 e-grid-align-left elementor-shape-rounded elementor-grid-0 elementor-widget elementor-widget-social-icons\" data-id=\"29522ea1\" data-element_type=\"widget\" data-e-type=\"widget\" data-widget_type=\"social-icons.default\">\n\t\t\t\t<div class=\"elementor-widget-container\">\n\t\t\t\t\t\t\t<div class=\"elementor-social-icons-wrapper elementor-grid\" role=\"list\">\n\t\t\t\t\t\t\t<span class=\"elementor-grid-item\" role=\"listitem\">\n\t\t\t\t\t<a class=\"elementor-icon elementor-social-icon elementor-social-icon-facebook-f elementor-repeater-item-c1104d1\" href=\"https:\/\/www.facebook.com\/people\/Mairie-de-Sailhan\/100088254394758\/\" target=\"_blank\">\n\t\t\t\t\t\t<span class=\"elementor-screen-only\">Facebook-f<\/span>\n\t\t\t\t\t\t<i aria-hidden=\"true\" class=\"fab fa-facebook-f\"><\/i>\t\t\t\t\t<\/a>\n\t\t\t\t<\/span>\n\t\t\t\t\t\t\t<span class=\"elementor-grid-item\" role=\"listitem\">\n\t\t\t\t\t<a class=\"elementor-icon elementor-social-icon elementor-social-icon-instagram elementor-repeater-item-1893ab4\" href=\"http:\/\/instagram.com\/sailhan_officiel\" target=\"_blank\">\n\t\t\t\t\t\t<span class=\"elementor-screen-only\">Instagram<\/span>\n\t\t\t\t\t\t<i aria-hidden=\"true\" class=\"fab fa-instagram\"><\/i>\t\t\t\t\t<\/a>\n\t\t\t\t<\/span>\n\t\t\t\t\t<\/div>\n\t\t\t\t\t\t<\/div>\n\t\t\t\t<\/div>\n\t\t\t\t\t<\/div>\n\t\t<\/div>\n\t\t\t\t<div class=\"elementor-column elementor-col-25 elementor-top-column elementor-element elementor-element-4ca96369\" data-id=\"4ca96369\" data-element_type=\"column\" data-e-type=\"column\">\n\t\t\t<div class=\"elementor-widget-wrap elementor-element-populated\">\n\t\t\t\t\t\t<div class=\"elementor-element elementor-element-1202816e elementor-align-justify elementor-widget elementor-widget-button\" data-id=\"1202816e\" data-element_type=\"widget\" data-e-type=\"widget\" data-widget_type=\"button.default\">\n\t\t\t\t<div class=\"elementor-widget-container\">\n\t\t\t\t\t\t\t\t\t<div class=\"elementor-button-wrapper\">\n\t\t\t\t\t<a class=\"elementor-button elementor-button-link elementor-size-sm\" href=\"https:\/\/www.mairie-sailhan.fr\/\">\n\t\t\t\t\t\t<span class=\"elementor-button-content-wrapper\">\n\t\t\t\t\t\t<span class=\"elementor-button-icon\">\n\t\t\t\t<i aria-hidden=\"true\" class=\"fas fa-home\"><\/i>\t\t\t<\/span>\n\t\t\t\t\t\t\t\t\t<span class=\"elementor-button-text\">ACCUEIL<\/span>\n\t\t\t\t\t<\/span>\n\t\t\t\t\t<\/a>\n\t\t\t\t<\/div>\n\t\t\t\t\t\t\t\t<\/div>\n\t\t\t\t<\/div>\n\t\t\t\t\t<\/div>\n\t\t<\/div>\n\t\t\t\t\t<\/div>\n\t\t<\/section>\n\t\t\t\t<\/div>\n\t\t","protected":false},"excerpt":{"rendered":"<p>Le patrimoine Le pastoralisme Le patrimoine religieux Les fontaines du village Le moulin de la mousqu\u00e8re et son dernier meunier Barth\u00e9l\u00e9my Ferras La vall\u00e9e du Rioumajou L&rsquo;histoire du village de Sailhan Mairie Place Bertrand Menvielle 65170 Sailhan 05 62 39 51 13 commune-de-sailhan@orange.fr Mentions legales Social Media Facebook-f Instagram ACCUEIL<\/p>\n","protected":false},"author":1,"featured_media":0,"parent":0,"menu_order":0,"comment_status":"closed","ping_status":"closed","template":"elementor_canvas","meta":{"h5ap_radio_sources":[],"footnotes":""},"class_list":["post-306","page","type-page","status-publish","hentry","wpbf-post"],"yoast_head":"<!-- This site is optimized with the Yoast SEO plugin v27.3 - https:\/\/yoast.com\/product\/yoast-seo-wordpress\/ -->\n<title>Le patrimoine - mairie-sailhan.fr<\/title>\n<meta name=\"robots\" content=\"index, follow, max-snippet:-1, max-image-preview:large, max-video-preview:-1\" \/>\n<link rel=\"canonical\" href=\"https:\/\/mairie-sailhan.fr\/index.php\/patrimoine\/\" \/>\n<meta property=\"og:locale\" content=\"fr_FR\" \/>\n<meta property=\"og:type\" content=\"article\" \/>\n<meta property=\"og:title\" content=\"Le patrimoine - mairie-sailhan.fr\" \/>\n<meta property=\"og:description\" content=\"Le patrimoine Le pastoralisme Le patrimoine religieux Les fontaines du village Le moulin de la mousqu\u00e8re et son dernier meunier Barth\u00e9l\u00e9my Ferras La vall\u00e9e du Rioumajou L&rsquo;histoire du village de Sailhan Mairie Place Bertrand Menvielle 65170 Sailhan 05 62 39 51 13 commune-de-sailhan@orange.fr Mentions legales Social Media Facebook-f Instagram ACCUEIL\" \/>\n<meta property=\"og:url\" content=\"https:\/\/mairie-sailhan.fr\/index.php\/patrimoine\/\" \/>\n<meta property=\"og:site_name\" content=\"mairie-sailhan.fr\" \/>\n<meta property=\"article:modified_time\" content=\"2022-11-23T15:37:23+00:00\" \/>\n<meta name=\"twitter:card\" content=\"summary_large_image\" \/>\n<meta name=\"twitter:label1\" content=\"Dur\u00e9e de lecture estim\u00e9e\" \/>\n\t<meta name=\"twitter:data1\" content=\"1 minute\" \/>\n<script type=\"application\/ld+json\" class=\"yoast-schema-graph\">{\"@context\":\"https:\\\/\\\/schema.org\",\"@graph\":[{\"@type\":\"WebPage\",\"@id\":\"https:\\\/\\\/mairie-sailhan.fr\\\/index.php\\\/patrimoine\\\/\",\"url\":\"https:\\\/\\\/mairie-sailhan.fr\\\/index.php\\\/patrimoine\\\/\",\"name\":\"Le patrimoine - mairie-sailhan.fr\",\"isPartOf\":{\"@id\":\"https:\\\/\\\/mairie-sailhan.fr\\\/#website\"},\"datePublished\":\"2020-09-08T14:31:52+00:00\",\"dateModified\":\"2022-11-23T15:37:23+00:00\",\"inLanguage\":\"fr-FR\",\"potentialAction\":[{\"@type\":\"ReadAction\",\"target\":[\"https:\\\/\\\/mairie-sailhan.fr\\\/index.php\\\/patrimoine\\\/\"]}]},{\"@type\":\"WebSite\",\"@id\":\"https:\\\/\\\/mairie-sailhan.fr\\\/#website\",\"url\":\"https:\\\/\\\/mairie-sailhan.fr\\\/\",\"name\":\"mairie-sailhan.fr\",\"description\":\"Mairie de Sailhan\",\"publisher\":{\"@id\":\"https:\\\/\\\/mairie-sailhan.fr\\\/#organization\"},\"potentialAction\":[{\"@type\":\"SearchAction\",\"target\":{\"@type\":\"EntryPoint\",\"urlTemplate\":\"https:\\\/\\\/mairie-sailhan.fr\\\/?s={search_term_string}\"},\"query-input\":{\"@type\":\"PropertyValueSpecification\",\"valueRequired\":true,\"valueName\":\"search_term_string\"}}],\"inLanguage\":\"fr-FR\"},{\"@type\":\"Organization\",\"@id\":\"https:\\\/\\\/mairie-sailhan.fr\\\/#organization\",\"name\":\"mairie-sailhan.fr\",\"url\":\"https:\\\/\\\/mairie-sailhan.fr\\\/\",\"logo\":{\"@type\":\"ImageObject\",\"inLanguage\":\"fr-FR\",\"@id\":\"https:\\\/\\\/mairie-sailhan.fr\\\/#\\\/schema\\\/logo\\\/image\\\/\",\"url\":\"https:\\\/\\\/mairie-sailhan.fr\\\/wp-content\\\/uploads\\\/2020\\\/09\\\/cropped-800px-Blason_ville_fr_Sailhan_65.svg.png\",\"contentUrl\":\"https:\\\/\\\/mairie-sailhan.fr\\\/wp-content\\\/uploads\\\/2020\\\/09\\\/cropped-800px-Blason_ville_fr_Sailhan_65.svg.png\",\"width\":800,\"height\":878,\"caption\":\"mairie-sailhan.fr\"},\"image\":{\"@id\":\"https:\\\/\\\/mairie-sailhan.fr\\\/#\\\/schema\\\/logo\\\/image\\\/\"}}]}<\/script>\n<!-- \/ Yoast SEO plugin. -->","yoast_head_json":{"title":"Le patrimoine - mairie-sailhan.fr","robots":{"index":"index","follow":"follow","max-snippet":"max-snippet:-1","max-image-preview":"max-image-preview:large","max-video-preview":"max-video-preview:-1"},"canonical":"https:\/\/mairie-sailhan.fr\/index.php\/patrimoine\/","og_locale":"fr_FR","og_type":"article","og_title":"Le patrimoine - mairie-sailhan.fr","og_description":"Le patrimoine Le pastoralisme Le patrimoine religieux Les fontaines du village Le moulin de la mousqu\u00e8re et son dernier meunier Barth\u00e9l\u00e9my Ferras La vall\u00e9e du Rioumajou L&rsquo;histoire du village de Sailhan Mairie Place Bertrand Menvielle 65170 Sailhan 05 62 39 51 13 commune-de-sailhan@orange.fr Mentions legales Social Media Facebook-f Instagram ACCUEIL","og_url":"https:\/\/mairie-sailhan.fr\/index.php\/patrimoine\/","og_site_name":"mairie-sailhan.fr","article_modified_time":"2022-11-23T15:37:23+00:00","twitter_card":"summary_large_image","twitter_misc":{"Dur\u00e9e de lecture estim\u00e9e":"1 minute"},"schema":{"@context":"https:\/\/schema.org","@graph":[{"@type":"WebPage","@id":"https:\/\/mairie-sailhan.fr\/index.php\/patrimoine\/","url":"https:\/\/mairie-sailhan.fr\/index.php\/patrimoine\/","name":"Le patrimoine - mairie-sailhan.fr","isPartOf":{"@id":"https:\/\/mairie-sailhan.fr\/#website"},"datePublished":"2020-09-08T14:31:52+00:00","dateModified":"2022-11-23T15:37:23+00:00","inLanguage":"fr-FR","potentialAction":[{"@type":"ReadAction","target":["https:\/\/mairie-sailhan.fr\/index.php\/patrimoine\/"]}]},{"@type":"WebSite","@id":"https:\/\/mairie-sailhan.fr\/#website","url":"https:\/\/mairie-sailhan.fr\/","name":"mairie-sailhan.fr","description":"Mairie de Sailhan","publisher":{"@id":"https:\/\/mairie-sailhan.fr\/#organization"},"potentialAction":[{"@type":"SearchAction","target":{"@type":"EntryPoint","urlTemplate":"https:\/\/mairie-sailhan.fr\/?s={search_term_string}"},"query-input":{"@type":"PropertyValueSpecification","valueRequired":true,"valueName":"search_term_string"}}],"inLanguage":"fr-FR"},{"@type":"Organization","@id":"https:\/\/mairie-sailhan.fr\/#organization","name":"mairie-sailhan.fr","url":"https:\/\/mairie-sailhan.fr\/","logo":{"@type":"ImageObject","inLanguage":"fr-FR","@id":"https:\/\/mairie-sailhan.fr\/#\/schema\/logo\/image\/","url":"https:\/\/mairie-sailhan.fr\/wp-content\/uploads\/2020\/09\/cropped-800px-Blason_ville_fr_Sailhan_65.svg.png","contentUrl":"https:\/\/mairie-sailhan.fr\/wp-content\/uploads\/2020\/09\/cropped-800px-Blason_ville_fr_Sailhan_65.svg.png","width":800,"height":878,"caption":"mairie-sailhan.fr"},"image":{"@id":"https:\/\/mairie-sailhan.fr\/#\/schema\/logo\/image\/"}}]}},"_links":{"self":[{"href":"https:\/\/mairie-sailhan.fr\/index.php\/wp-json\/wp\/v2\/pages\/306","targetHints":{"allow":["GET"]}}],"collection":[{"href":"https:\/\/mairie-sailhan.fr\/index.php\/wp-json\/wp\/v2\/pages"}],"about":[{"href":"https:\/\/mairie-sailhan.fr\/index.php\/wp-json\/wp\/v2\/types\/page"}],"author":[{"embeddable":true,"href":"https:\/\/mairie-sailhan.fr\/index.php\/wp-json\/wp\/v2\/users\/1"}],"replies":[{"embeddable":true,"href":"https:\/\/mairie-sailhan.fr\/index.php\/wp-json\/wp\/v2\/comments?post=306"}],"version-history":[{"count":0,"href":"https:\/\/mairie-sailhan.fr\/index.php\/wp-json\/wp\/v2\/pages\/306\/revisions"}],"wp:attachment":[{"href":"https:\/\/mairie-sailhan.fr\/index.php\/wp-json\/wp\/v2\/media?parent=306"}],"curies":[{"name":"wp","href":"https:\/\/api.w.org\/{rel}","templated":true}]}}