{"id":7321,"date":"2024-06-11T10:29:25","date_gmt":"2024-06-11T08:29:25","guid":{"rendered":"https:\/\/mairie-sailhan.fr\/?page_id=7321"},"modified":"2024-06-11T10:32:08","modified_gmt":"2024-06-11T08:32:08","slug":"lassainissement","status":"publish","type":"page","link":"https:\/\/mairie-sailhan.fr\/index.php\/lassainissement\/","title":{"rendered":"L&rsquo;assainissement"},"content":{"rendered":"\t\t<div data-elementor-type=\"wp-page\" data-elementor-id=\"7321\" class=\"elementor elementor-7321\" data-elementor-post-type=\"page\">\n\t\t\t\t\t\t<section class=\"elementor-section elementor-top-section elementor-element elementor-element-f5781a4 elementor-section-boxed elementor-section-height-default elementor-section-height-default\" data-id=\"f5781a4\" data-element_type=\"section\" data-e-type=\"section\">\n\t\t\t\t\t\t<div class=\"elementor-container elementor-column-gap-default\">\n\t\t\t\t\t<div class=\"elementor-column elementor-col-100 elementor-top-column elementor-element elementor-element-a31a50e\" data-id=\"a31a50e\" data-element_type=\"column\" data-e-type=\"column\">\n\t\t\t<div class=\"elementor-widget-wrap elementor-element-populated\">\n\t\t\t\t\t\t<div class=\"elementor-element elementor-element-c9f1cde elementor-widget elementor-widget-spacer\" data-id=\"c9f1cde\" data-element_type=\"widget\" data-e-type=\"widget\" data-widget_type=\"spacer.default\">\n\t\t\t\t<div class=\"elementor-widget-container\">\n\t\t\t\t\t\t\t<div class=\"elementor-spacer\">\n\t\t\t<div class=\"elementor-spacer-inner\"><\/div>\n\t\t<\/div>\n\t\t\t\t\t\t<\/div>\n\t\t\t\t<\/div>\n\t\t\t\t\t<\/div>\n\t\t<\/div>\n\t\t\t\t\t<\/div>\n\t\t<\/section>\n\t\t\t\t<section class=\"elementor-section elementor-top-section elementor-element elementor-element-7f9685a elementor-section-boxed elementor-section-height-default elementor-section-height-default\" data-id=\"7f9685a\" data-element_type=\"section\" data-e-type=\"section\">\n\t\t\t\t\t\t<div class=\"elementor-container elementor-column-gap-default\">\n\t\t\t\t\t<div class=\"elementor-column elementor-col-50 elementor-top-column elementor-element elementor-element-22d05a5\" data-id=\"22d05a5\" data-element_type=\"column\" data-e-type=\"column\">\n\t\t\t<div class=\"elementor-widget-wrap elementor-element-populated\">\n\t\t\t\t\t\t<div class=\"elementor-element elementor-element-1617df1 elementor-widget elementor-widget-heading\" data-id=\"1617df1\" data-element_type=\"widget\" data-e-type=\"widget\" data-widget_type=\"heading.default\">\n\t\t\t\t<div class=\"elementor-widget-container\">\n\t\t\t\t\t<h2 class=\"elementor-heading-title elementor-size-default\">L'assainissement<\/h2>\t\t\t\t<\/div>\n\t\t\t\t<\/div>\n\t\t\t\t\t<\/div>\n\t\t<\/div>\n\t\t\t\t<div class=\"elementor-column elementor-col-50 elementor-top-column elementor-element elementor-element-111548e\" data-id=\"111548e\" data-element_type=\"column\" data-e-type=\"column\">\n\t\t\t<div class=\"elementor-widget-wrap elementor-element-populated\">\n\t\t\t\t\t\t<div class=\"elementor-element elementor-element-becaf38 elementor-align-left elementor-widget elementor-widget-button\" data-id=\"becaf38\" data-element_type=\"widget\" data-e-type=\"widget\" data-widget_type=\"button.default\">\n\t\t\t\t<div class=\"elementor-widget-container\">\n\t\t\t\t\t\t\t\t\t<div class=\"elementor-button-wrapper\">\n\t\t\t\t\t<a class=\"elementor-button elementor-button-link elementor-size-sm\" href=\"https:\/\/www.mairie-sailhan.fr\/\" rel=\"nofollow\">\n\t\t\t\t\t\t<span class=\"elementor-button-content-wrapper\">\n\t\t\t\t\t\t<span class=\"elementor-button-icon\">\n\t\t\t\t<i aria-hidden=\"true\" class=\"fas fa-home\"><\/i>\t\t\t<\/span>\n\t\t\t\t\t\t\t\t\t<span class=\"elementor-button-text\">ACCUEIL<\/span>\n\t\t\t\t\t<\/span>\n\t\t\t\t\t<\/a>\n\t\t\t\t<\/div>\n\t\t\t\t\t\t\t\t<\/div>\n\t\t\t\t<\/div>\n\t\t\t\t\t<\/div>\n\t\t<\/div>\n\t\t\t\t\t<\/div>\n\t\t<\/section>\n\t\t\t\t<section class=\"elementor-section elementor-top-section elementor-element elementor-element-47159d5 elementor-section-boxed elementor-section-height-default elementor-section-height-default\" data-id=\"47159d5\" data-element_type=\"section\" data-e-type=\"section\">\n\t\t\t\t\t\t<div class=\"elementor-container elementor-column-gap-default\">\n\t\t\t\t\t<div class=\"elementor-column elementor-col-100 elementor-top-column elementor-element elementor-element-d80de86\" data-id=\"d80de86\" data-element_type=\"column\" data-e-type=\"column\">\n\t\t\t<div class=\"elementor-widget-wrap elementor-element-populated\">\n\t\t\t\t\t\t<div class=\"elementor-element elementor-element-fcca422 elementor-widget elementor-widget-spacer\" data-id=\"fcca422\" data-element_type=\"widget\" data-e-type=\"widget\" data-widget_type=\"spacer.default\">\n\t\t\t\t<div class=\"elementor-widget-container\">\n\t\t\t\t\t\t\t<div class=\"elementor-spacer\">\n\t\t\t<div class=\"elementor-spacer-inner\"><\/div>\n\t\t<\/div>\n\t\t\t\t\t\t<\/div>\n\t\t\t\t<\/div>\n\t\t\t\t\t<\/div>\n\t\t<\/div>\n\t\t\t\t\t<\/div>\n\t\t<\/section>\n\t\t\t\t<section class=\"elementor-section elementor-top-section elementor-element elementor-element-aa6b317 elementor-section-boxed elementor-section-height-default elementor-section-height-default\" data-id=\"aa6b317\" data-element_type=\"section\" data-e-type=\"section\">\n\t\t\t\t\t\t<div class=\"elementor-container elementor-column-gap-default\">\n\t\t\t\t\t<div class=\"elementor-column elementor-col-33 elementor-top-column elementor-element elementor-element-87dc654\" data-id=\"87dc654\" data-element_type=\"column\" data-e-type=\"column\">\n\t\t\t<div class=\"elementor-widget-wrap\">\n\t\t\t\t\t\t\t<\/div>\n\t\t<\/div>\n\t\t\t\t<div class=\"elementor-column elementor-col-33 elementor-top-column elementor-element elementor-element-1fcdee3\" data-id=\"1fcdee3\" data-element_type=\"column\" data-e-type=\"column\">\n\t\t\t<div class=\"elementor-widget-wrap elementor-element-populated\">\n\t\t\t\t\t\t<div class=\"elementor-element elementor-element-745293e elementor-widget elementor-widget-toggle\" data-id=\"745293e\" data-element_type=\"widget\" data-e-type=\"widget\" data-widget_type=\"toggle.default\">\n\t\t\t\t<div class=\"elementor-widget-container\">\n\t\t\t\t\t\t\t<div class=\"elementor-toggle\">\n\t\t\t\t\t\t\t<div class=\"elementor-toggle-item\">\n\t\t\t\t\t<div id=\"elementor-tab-title-1211\" class=\"elementor-tab-title\" data-tab=\"1\" role=\"button\" aria-controls=\"elementor-tab-content-1211\" aria-expanded=\"false\">\n\t\t\t\t\t\t\t\t\t\t\t\t<span class=\"elementor-toggle-icon elementor-toggle-icon-left\" aria-hidden=\"true\">\n\t\t\t\t\t\t\t\t\t\t\t\t\t\t\t<span class=\"elementor-toggle-icon-closed\"><i class=\"fas fa-caret-right\"><\/i><\/span>\n\t\t\t\t\t\t\t\t<span class=\"elementor-toggle-icon-opened\"><i class=\"elementor-toggle-icon-opened fas fa-caret-up\"><\/i><\/span>\n\t\t\t\t\t\t\t\t\t\t\t\t\t<\/span>\n\t\t\t\t\t\t\t\t\t\t\t\t<a class=\"elementor-toggle-title\" tabindex=\"0\">Assainissement<\/a>\n\t\t\t\t\t<\/div>\n\n\t\t\t\t\t<div id=\"elementor-tab-content-1211\" class=\"elementor-tab-content elementor-clearfix\" data-tab=\"1\" role=\"region\" aria-labelledby=\"elementor-tab-title-1211\"><p class=\"texte\"><span style=\"color: #0000ff;\">L&rsquo;assainissement collectif \u00e0 Sailhan est assur\u00e9 par le Syndicat Intercommunal d&rsquo;Assainissement de la Haute Vall\u00e9e d&rsquo;Aure (SIAHVA) auquel la commune de Sailhan a adh\u00e9r\u00e9.<\/span><\/p><p class=\"texte\"><span style=\"color: #0000ff;\">Le SIAHVA assure notamment la collecte et le traitement des eaux us\u00e9es des communes membres. La station d\u2019\u00e9puration est dimensionn\u00e9e pour traiter 21 000 \u00e9quivalents habitants. Ses missions principales consistent en :<\/span><\/p><ul><li class=\"texte\"><span style=\"color: #0000ff;\">La gestion de la station d\u2019\u00e9puration et des abonn\u00e9s.<\/span><\/li><li class=\"texte\"><span style=\"color: #0000ff;\">La mise en service des branchements,<\/span><\/li><li class=\"texte\"><span style=\"color: #0000ff;\">Le renouvellement et l\u2019entretien de l\u2019ensemble des ouvrages, la vidange des bacs \u00e0 graisses et le traitement de celles-ci.<\/span><\/li><\/ul><p class=\"texte\"><span style=\"color: #0000ff;\"><span style=\"color: #ff0000;\"><a style=\"color: #ff0000;\" href=\"https:\/\/www.mairie-sailhan.fr\/wp-content\/uploads\/2020\/10\/Reglemenet-SIAHVA.pdf\" target=\"_blank\" rel=\"noopener\">Une taxe de raccordement<\/a> <\/span>s&rsquo;applique en particulier aux constructions neuves raccord\u00e9es \u00e0 l&rsquo;assainissement collectif. Elle est d\u00e9finie par le SIAHVA.<\/span><\/p><p><span style=\"color: #0000ff;\">Pour de plus informations, contacter le SIAHVA au 05 62 39 40 74.<\/span><\/p><\/div>\n\t\t\t\t<\/div>\n\t\t\t\t\t\t\t<div class=\"elementor-toggle-item\">\n\t\t\t\t\t<div id=\"elementor-tab-title-1212\" class=\"elementor-tab-title\" data-tab=\"2\" role=\"button\" aria-controls=\"elementor-tab-content-1212\" aria-expanded=\"false\">\n\t\t\t\t\t\t\t\t\t\t\t\t<span class=\"elementor-toggle-icon elementor-toggle-icon-left\" aria-hidden=\"true\">\n\t\t\t\t\t\t\t\t\t\t\t\t\t\t\t<span class=\"elementor-toggle-icon-closed\"><i class=\"fas fa-caret-right\"><\/i><\/span>\n\t\t\t\t\t\t\t\t<span class=\"elementor-toggle-icon-opened\"><i class=\"elementor-toggle-icon-opened fas fa-caret-up\"><\/i><\/span>\n\t\t\t\t\t\t\t\t\t\t\t\t\t<\/span>\n\t\t\t\t\t\t\t\t\t\t\t\t<a class=\"elementor-toggle-title\" tabindex=\"0\">Assainissement non-collectif<\/a>\n\t\t\t\t\t<\/div>\n\n\t\t\t\t\t<div id=\"elementor-tab-content-1212\" class=\"elementor-tab-content elementor-clearfix\" data-tab=\"2\" role=\"region\" aria-labelledby=\"elementor-tab-title-1212\"><p><span style=\"color: #0000ff;\">Le SPANC, Service Public d&rsquo;Assainissement Non Collectif, est une comp\u00e9tence qui rel\u00e8ve de la Communaut\u00e9 de communes des vall\u00e9es d&rsquo;Aure et du Louron.<\/span><\/p><p><span style=\"color: #0000ff;\">Cette structure d\u00e9finit les normes \u00e0 respecter, donne son aval aux projets d&rsquo;assainissement non collectif et assure tant au d\u00e9part qu&rsquo;au cours du temps, le contr\u00f4le de la conformit\u00e9 et du bon fonctionnement des installations. Elle effectue \u00e9galement des contr\u00f4les p\u00e9riodiques tous les huit ans.\u00a0<\/span><\/p><p><span style=\"color: #0000ff;\">Pour de plus informations, contacter la Communaut\u00e9 de Communes des vall\u00e9es d&rsquo;Aure et du Louron au 05 62 40 10 71.<\/span><\/p><p><span style=\"color: #0000ff;\">Pour la r\u00e9habilitation des assainissements non collectifs, une aide peut \u00eatre apport\u00e9e par<\/span> <span style=\"color: #ff0000;\"><a style=\"color: #ff0000;\" href=\"http:\/\/www.eau-adour-garonne.fr\/fr\/index.html\" target=\"_blank\" rel=\"noopener\">l&rsquo;Agence de l&rsquo;eau Adour-Garonne<\/a>.<\/span><\/p><\/div>\n\t\t\t\t<\/div>\n\t\t\t\t\t\t\t\t<\/div>\n\t\t\t\t\t\t<\/div>\n\t\t\t\t<\/div>\n\t\t\t\t\t<\/div>\n\t\t<\/div>\n\t\t\t\t<div class=\"elementor-column elementor-col-33 elementor-top-column elementor-element elementor-element-ee2ebcd\" data-id=\"ee2ebcd\" data-element_type=\"column\" data-e-type=\"column\">\n\t\t\t<div class=\"elementor-widget-wrap\">\n\t\t\t\t\t\t\t<\/div>\n\t\t<\/div>\n\t\t\t\t\t<\/div>\n\t\t<\/section>\n\t\t\t\t<section class=\"elementor-section elementor-top-section elementor-element elementor-element-f0c5b50 elementor-section-boxed elementor-section-height-default elementor-section-height-default\" data-id=\"f0c5b50\" data-element_type=\"section\" data-e-type=\"section\">\n\t\t\t\t\t\t<div class=\"elementor-container elementor-column-gap-default\">\n\t\t\t\t\t<div class=\"elementor-column elementor-col-100 elementor-top-column elementor-element elementor-element-5b382d8\" data-id=\"5b382d8\" data-element_type=\"column\" data-e-type=\"column\">\n\t\t\t<div class=\"elementor-widget-wrap elementor-element-populated\">\n\t\t\t\t\t\t<div class=\"elementor-element elementor-element-7dae01b elementor-widget elementor-widget-spacer\" data-id=\"7dae01b\" data-element_type=\"widget\" data-e-type=\"widget\" data-widget_type=\"spacer.default\">\n\t\t\t\t<div class=\"elementor-widget-container\">\n\t\t\t\t\t\t\t<div class=\"elementor-spacer\">\n\t\t\t<div class=\"elementor-spacer-inner\"><\/div>\n\t\t<\/div>\n\t\t\t\t\t\t<\/div>\n\t\t\t\t<\/div>\n\t\t\t\t\t<\/div>\n\t\t<\/div>\n\t\t\t\t\t<\/div>\n\t\t<\/section>\n\t\t\t\t<section class=\"elementor-section elementor-top-section elementor-element elementor-element-738ce7f9 elementor-section-boxed elementor-section-height-default elementor-section-height-default\" data-id=\"738ce7f9\" data-element_type=\"section\" data-e-type=\"section\" data-settings=\"{&quot;background_background&quot;:&quot;classic&quot;}\">\n\t\t\t\t\t\t<div class=\"elementor-container elementor-column-gap-default\">\n\t\t\t\t\t<div class=\"elementor-column elementor-col-25 elementor-top-column elementor-element elementor-element-59c95e63\" data-id=\"59c95e63\" data-element_type=\"column\" data-e-type=\"column\">\n\t\t\t<div class=\"elementor-widget-wrap elementor-element-populated\">\n\t\t\t\t\t\t<div class=\"elementor-element elementor-element-11d86169 elementor-widget elementor-widget-heading\" data-id=\"11d86169\" data-element_type=\"widget\" data-e-type=\"widget\" data-widget_type=\"heading.default\">\n\t\t\t\t<div class=\"elementor-widget-container\">\n\t\t\t\t\t<h4 class=\"elementor-heading-title elementor-size-default\">Mairie<\/h4>\t\t\t\t<\/div>\n\t\t\t\t<\/div>\n\t\t\t\t<div class=\"elementor-element elementor-element-57373c6e elementor-icon-list--layout-traditional elementor-list-item-link-full_width elementor-widget elementor-widget-icon-list\" data-id=\"57373c6e\" data-element_type=\"widget\" data-e-type=\"widget\" data-widget_type=\"icon-list.default\">\n\t\t\t\t<div class=\"elementor-widget-container\">\n\t\t\t\t\t\t\t<ul class=\"elementor-icon-list-items\">\n\t\t\t\t\t\t\t<li class=\"elementor-icon-list-item\">\n\t\t\t\t\t\t\t\t\t\t<span class=\"elementor-icon-list-text\">Place Bertrand Menvielle<\/span>\n\t\t\t\t\t\t\t\t\t<\/li>\n\t\t\t\t\t\t\t\t<li class=\"elementor-icon-list-item\">\n\t\t\t\t\t\t\t\t\t\t<span class=\"elementor-icon-list-text\">65170 Sailhan<\/span>\n\t\t\t\t\t\t\t\t\t<\/li>\n\t\t\t\t\t\t\t\t<li class=\"elementor-icon-list-item\">\n\t\t\t\t\t\t\t\t\t\t\t<span class=\"elementor-icon-list-icon\">\n\t\t\t\t\t\t\t<i aria-hidden=\"true\" class=\"fas fa-phone-alt\"><\/i>\t\t\t\t\t\t<\/span>\n\t\t\t\t\t\t\t\t\t\t<span class=\"elementor-icon-list-text\">05 62 39 51 13<\/span>\n\t\t\t\t\t\t\t\t\t<\/li>\n\t\t\t\t\t\t\t\t<li class=\"elementor-icon-list-item\">\n\t\t\t\t\t\t\t\t\t\t\t<span class=\"elementor-icon-list-icon\">\n\t\t\t\t\t\t\t<i aria-hidden=\"true\" class=\"fas fa-mail-bulk\"><\/i>\t\t\t\t\t\t<\/span>\n\t\t\t\t\t\t\t\t\t\t<span class=\"elementor-icon-list-text\">commune-de-sailhan@orange.fr<\/span>\n\t\t\t\t\t\t\t\t\t<\/li>\n\t\t\t\t\t\t<\/ul>\n\t\t\t\t\t\t<\/div>\n\t\t\t\t<\/div>\n\t\t\t\t\t<\/div>\n\t\t<\/div>\n\t\t\t\t<div class=\"elementor-column elementor-col-25 elementor-top-column elementor-element elementor-element-1ff9a097\" data-id=\"1ff9a097\" data-element_type=\"column\" data-e-type=\"column\">\n\t\t\t<div class=\"elementor-widget-wrap elementor-element-populated\">\n\t\t\t\t\t\t<div class=\"elementor-element elementor-element-418c996f elementor-widget elementor-widget-heading\" data-id=\"418c996f\" data-element_type=\"widget\" data-e-type=\"widget\" data-widget_type=\"heading.default\">\n\t\t\t\t<div class=\"elementor-widget-container\">\n\t\t\t\t\t<h4 class=\"elementor-heading-title elementor-size-default\"><a href=\"https:\/\/www.mairie-sailhan.fr\/index.php\/mentions-legales\/\">Mentions legales<\/a><\/h4>\t\t\t\t<\/div>\n\t\t\t\t<\/div>\n\t\t\t\t\t<\/div>\n\t\t<\/div>\n\t\t\t\t<div class=\"elementor-column elementor-col-25 elementor-top-column elementor-element elementor-element-7031f797\" data-id=\"7031f797\" data-element_type=\"column\" data-e-type=\"column\">\n\t\t\t<div class=\"elementor-widget-wrap elementor-element-populated\">\n\t\t\t\t\t\t<div class=\"elementor-element elementor-element-45fc7bc7 elementor-widget elementor-widget-heading\" data-id=\"45fc7bc7\" data-element_type=\"widget\" data-e-type=\"widget\" data-widget_type=\"heading.default\">\n\t\t\t\t<div class=\"elementor-widget-container\">\n\t\t\t\t\t<h4 class=\"elementor-heading-title elementor-size-default\">Social Media<\/h4>\t\t\t\t<\/div>\n\t\t\t\t<\/div>\n\t\t\t\t<div class=\"elementor-element elementor-element-7eb3f53f e-grid-align-left elementor-shape-rounded elementor-grid-0 elementor-widget elementor-widget-social-icons\" data-id=\"7eb3f53f\" data-element_type=\"widget\" data-e-type=\"widget\" data-widget_type=\"social-icons.default\">\n\t\t\t\t<div class=\"elementor-widget-container\">\n\t\t\t\t\t\t\t<div class=\"elementor-social-icons-wrapper elementor-grid\" role=\"list\">\n\t\t\t\t\t\t\t<span class=\"elementor-grid-item\" role=\"listitem\">\n\t\t\t\t\t<a class=\"elementor-icon elementor-social-icon elementor-social-icon-facebook-f elementor-repeater-item-c1104d1\" href=\"https:\/\/www.facebook.com\/people\/Mairie-de-Sailhan\/100088254394758\/\" target=\"_blank\">\n\t\t\t\t\t\t<span class=\"elementor-screen-only\">Facebook-f<\/span>\n\t\t\t\t\t\t<i aria-hidden=\"true\" class=\"fab fa-facebook-f\"><\/i>\t\t\t\t\t<\/a>\n\t\t\t\t<\/span>\n\t\t\t\t\t\t\t<span class=\"elementor-grid-item\" role=\"listitem\">\n\t\t\t\t\t<a class=\"elementor-icon elementor-social-icon elementor-social-icon-instagram elementor-repeater-item-1893ab4\" href=\"http:\/\/instagram.com\/sailhan_officiel\" target=\"_blank\">\n\t\t\t\t\t\t<span class=\"elementor-screen-only\">Instagram<\/span>\n\t\t\t\t\t\t<i aria-hidden=\"true\" class=\"fab fa-instagram\"><\/i>\t\t\t\t\t<\/a>\n\t\t\t\t<\/span>\n\t\t\t\t\t<\/div>\n\t\t\t\t\t\t<\/div>\n\t\t\t\t<\/div>\n\t\t\t\t\t<\/div>\n\t\t<\/div>\n\t\t\t\t<div class=\"elementor-column elementor-col-25 elementor-top-column elementor-element elementor-element-6b454d32\" data-id=\"6b454d32\" data-element_type=\"column\" data-e-type=\"column\">\n\t\t\t<div class=\"elementor-widget-wrap elementor-element-populated\">\n\t\t\t\t\t\t<div class=\"elementor-element elementor-element-43a4c1c elementor-align-justify elementor-widget elementor-widget-button\" data-id=\"43a4c1c\" data-element_type=\"widget\" data-e-type=\"widget\" data-widget_type=\"button.default\">\n\t\t\t\t<div class=\"elementor-widget-container\">\n\t\t\t\t\t\t\t\t\t<div class=\"elementor-button-wrapper\">\n\t\t\t\t\t<a class=\"elementor-button elementor-button-link elementor-size-sm\" href=\"https:\/\/www.mairie-sailhan.fr\/\">\n\t\t\t\t\t\t<span class=\"elementor-button-content-wrapper\">\n\t\t\t\t\t\t<span class=\"elementor-button-icon\">\n\t\t\t\t<i aria-hidden=\"true\" class=\"fas fa-home\"><\/i>\t\t\t<\/span>\n\t\t\t\t\t\t\t\t\t<span class=\"elementor-button-text\">ACCUEIL<\/span>\n\t\t\t\t\t<\/span>\n\t\t\t\t\t<\/a>\n\t\t\t\t<\/div>\n\t\t\t\t\t\t\t\t<\/div>\n\t\t\t\t<\/div>\n\t\t\t\t\t<\/div>\n\t\t<\/div>\n\t\t\t\t\t<\/div>\n\t\t<\/section>\n\t\t\t\t<\/div>\n\t\t","protected":false},"excerpt":{"rendered":"<p>L&rsquo;assainissement ACCUEIL Assainissement L\u2019assainissement collectif \u00e0 Sailhan est assur\u00e9 par le Syndicat Intercommunal d\u2019Assainissement de la Haute Vall\u00e9e d\u2019Aure (SIAHVA) auquel la commune de Sailhan a adh\u00e9r\u00e9. Le SIAHVA assure notamment la collecte et le traitement des eaux us\u00e9es des communes membres. La station d\u2019\u00e9puration est dimensionn\u00e9e pour traiter 21 000 \u00e9quivalents habitants. Ses missions [&hellip;]<\/p>\n","protected":false},"author":1,"featured_media":0,"parent":0,"menu_order":0,"comment_status":"closed","ping_status":"closed","template":"elementor_canvas","meta":{"h5ap_radio_sources":[],"footnotes":""},"class_list":["post-7321","page","type-page","status-publish","hentry","wpbf-post"],"yoast_head":"<!-- This site is optimized with the Yoast SEO plugin v27.4 - https:\/\/yoast.com\/product\/yoast-seo-wordpress\/ -->\n<title>L&#039;assainissement - mairie-sailhan.fr<\/title>\n<meta name=\"robots\" content=\"index, follow, max-snippet:-1, max-image-preview:large, max-video-preview:-1\" \/>\n<link rel=\"canonical\" href=\"https:\/\/mairie-sailhan.fr\/index.php\/lassainissement\/\" \/>\n<meta property=\"og:locale\" content=\"fr_FR\" \/>\n<meta property=\"og:type\" content=\"article\" \/>\n<meta property=\"og:title\" content=\"L&#039;assainissement - mairie-sailhan.fr\" \/>\n<meta property=\"og:description\" content=\"L&rsquo;assainissement ACCUEIL Assainissement L\u2019assainissement collectif \u00e0 Sailhan est assur\u00e9 par le Syndicat Intercommunal d\u2019Assainissement de la Haute Vall\u00e9e d\u2019Aure (SIAHVA) auquel la commune de Sailhan a adh\u00e9r\u00e9. Le SIAHVA assure notamment la collecte et le traitement des eaux us\u00e9es des communes membres. La station d\u2019\u00e9puration est dimensionn\u00e9e pour traiter 21 000 \u00e9quivalents habitants. Ses missions [&hellip;]\" \/>\n<meta property=\"og:url\" content=\"https:\/\/mairie-sailhan.fr\/index.php\/lassainissement\/\" \/>\n<meta property=\"og:site_name\" content=\"mairie-sailhan.fr\" \/>\n<meta property=\"article:modified_time\" content=\"2024-06-11T08:32:08+00:00\" \/>\n<meta name=\"twitter:card\" content=\"summary_large_image\" \/>\n<meta name=\"twitter:label1\" content=\"Dur\u00e9e de lecture estim\u00e9e\" \/>\n\t<meta name=\"twitter:data1\" content=\"2 minutes\" \/>\n<script type=\"application\/ld+json\" class=\"yoast-schema-graph\">{\"@context\":\"https:\\\/\\\/schema.org\",\"@graph\":[{\"@type\":\"WebPage\",\"@id\":\"https:\\\/\\\/mairie-sailhan.fr\\\/index.php\\\/lassainissement\\\/\",\"url\":\"https:\\\/\\\/mairie-sailhan.fr\\\/index.php\\\/lassainissement\\\/\",\"name\":\"L'assainissement - mairie-sailhan.fr\",\"isPartOf\":{\"@id\":\"https:\\\/\\\/mairie-sailhan.fr\\\/#website\"},\"datePublished\":\"2024-06-11T08:29:25+00:00\",\"dateModified\":\"2024-06-11T08:32:08+00:00\",\"inLanguage\":\"fr-FR\",\"potentialAction\":[{\"@type\":\"ReadAction\",\"target\":[\"https:\\\/\\\/mairie-sailhan.fr\\\/index.php\\\/lassainissement\\\/\"]}]},{\"@type\":\"WebSite\",\"@id\":\"https:\\\/\\\/mairie-sailhan.fr\\\/#website\",\"url\":\"https:\\\/\\\/mairie-sailhan.fr\\\/\",\"name\":\"mairie-sailhan.fr\",\"description\":\"Mairie de Sailhan\",\"publisher\":{\"@id\":\"https:\\\/\\\/mairie-sailhan.fr\\\/#organization\"},\"potentialAction\":[{\"@type\":\"SearchAction\",\"target\":{\"@type\":\"EntryPoint\",\"urlTemplate\":\"https:\\\/\\\/mairie-sailhan.fr\\\/?s={search_term_string}\"},\"query-input\":{\"@type\":\"PropertyValueSpecification\",\"valueRequired\":true,\"valueName\":\"search_term_string\"}}],\"inLanguage\":\"fr-FR\"},{\"@type\":\"Organization\",\"@id\":\"https:\\\/\\\/mairie-sailhan.fr\\\/#organization\",\"name\":\"mairie-sailhan.fr\",\"url\":\"https:\\\/\\\/mairie-sailhan.fr\\\/\",\"logo\":{\"@type\":\"ImageObject\",\"inLanguage\":\"fr-FR\",\"@id\":\"https:\\\/\\\/mairie-sailhan.fr\\\/#\\\/schema\\\/logo\\\/image\\\/\",\"url\":\"https:\\\/\\\/mairie-sailhan.fr\\\/wp-content\\\/uploads\\\/2020\\\/09\\\/cropped-800px-Blason_ville_fr_Sailhan_65.svg.png\",\"contentUrl\":\"https:\\\/\\\/mairie-sailhan.fr\\\/wp-content\\\/uploads\\\/2020\\\/09\\\/cropped-800px-Blason_ville_fr_Sailhan_65.svg.png\",\"width\":800,\"height\":878,\"caption\":\"mairie-sailhan.fr\"},\"image\":{\"@id\":\"https:\\\/\\\/mairie-sailhan.fr\\\/#\\\/schema\\\/logo\\\/image\\\/\"}}]}<\/script>\n<!-- \/ Yoast SEO plugin. -->","yoast_head_json":{"title":"L'assainissement - mairie-sailhan.fr","robots":{"index":"index","follow":"follow","max-snippet":"max-snippet:-1","max-image-preview":"max-image-preview:large","max-video-preview":"max-video-preview:-1"},"canonical":"https:\/\/mairie-sailhan.fr\/index.php\/lassainissement\/","og_locale":"fr_FR","og_type":"article","og_title":"L'assainissement - mairie-sailhan.fr","og_description":"L&rsquo;assainissement ACCUEIL Assainissement L\u2019assainissement collectif \u00e0 Sailhan est assur\u00e9 par le Syndicat Intercommunal d\u2019Assainissement de la Haute Vall\u00e9e d\u2019Aure (SIAHVA) auquel la commune de Sailhan a adh\u00e9r\u00e9. Le SIAHVA assure notamment la collecte et le traitement des eaux us\u00e9es des communes membres. La station d\u2019\u00e9puration est dimensionn\u00e9e pour traiter 21 000 \u00e9quivalents habitants. Ses missions [&hellip;]","og_url":"https:\/\/mairie-sailhan.fr\/index.php\/lassainissement\/","og_site_name":"mairie-sailhan.fr","article_modified_time":"2024-06-11T08:32:08+00:00","twitter_card":"summary_large_image","twitter_misc":{"Dur\u00e9e de lecture estim\u00e9e":"2 minutes"},"schema":{"@context":"https:\/\/schema.org","@graph":[{"@type":"WebPage","@id":"https:\/\/mairie-sailhan.fr\/index.php\/lassainissement\/","url":"https:\/\/mairie-sailhan.fr\/index.php\/lassainissement\/","name":"L'assainissement - mairie-sailhan.fr","isPartOf":{"@id":"https:\/\/mairie-sailhan.fr\/#website"},"datePublished":"2024-06-11T08:29:25+00:00","dateModified":"2024-06-11T08:32:08+00:00","inLanguage":"fr-FR","potentialAction":[{"@type":"ReadAction","target":["https:\/\/mairie-sailhan.fr\/index.php\/lassainissement\/"]}]},{"@type":"WebSite","@id":"https:\/\/mairie-sailhan.fr\/#website","url":"https:\/\/mairie-sailhan.fr\/","name":"mairie-sailhan.fr","description":"Mairie de Sailhan","publisher":{"@id":"https:\/\/mairie-sailhan.fr\/#organization"},"potentialAction":[{"@type":"SearchAction","target":{"@type":"EntryPoint","urlTemplate":"https:\/\/mairie-sailhan.fr\/?s={search_term_string}"},"query-input":{"@type":"PropertyValueSpecification","valueRequired":true,"valueName":"search_term_string"}}],"inLanguage":"fr-FR"},{"@type":"Organization","@id":"https:\/\/mairie-sailhan.fr\/#organization","name":"mairie-sailhan.fr","url":"https:\/\/mairie-sailhan.fr\/","logo":{"@type":"ImageObject","inLanguage":"fr-FR","@id":"https:\/\/mairie-sailhan.fr\/#\/schema\/logo\/image\/","url":"https:\/\/mairie-sailhan.fr\/wp-content\/uploads\/2020\/09\/cropped-800px-Blason_ville_fr_Sailhan_65.svg.png","contentUrl":"https:\/\/mairie-sailhan.fr\/wp-content\/uploads\/2020\/09\/cropped-800px-Blason_ville_fr_Sailhan_65.svg.png","width":800,"height":878,"caption":"mairie-sailhan.fr"},"image":{"@id":"https:\/\/mairie-sailhan.fr\/#\/schema\/logo\/image\/"}}]}},"_links":{"self":[{"href":"https:\/\/mairie-sailhan.fr\/index.php\/wp-json\/wp\/v2\/pages\/7321","targetHints":{"allow":["GET"]}}],"collection":[{"href":"https:\/\/mairie-sailhan.fr\/index.php\/wp-json\/wp\/v2\/pages"}],"about":[{"href":"https:\/\/mairie-sailhan.fr\/index.php\/wp-json\/wp\/v2\/types\/page"}],"author":[{"embeddable":true,"href":"https:\/\/mairie-sailhan.fr\/index.php\/wp-json\/wp\/v2\/users\/1"}],"replies":[{"embeddable":true,"href":"https:\/\/mairie-sailhan.fr\/index.php\/wp-json\/wp\/v2\/comments?post=7321"}],"version-history":[{"count":0,"href":"https:\/\/mairie-sailhan.fr\/index.php\/wp-json\/wp\/v2\/pages\/7321\/revisions"}],"wp:attachment":[{"href":"https:\/\/mairie-sailhan.fr\/index.php\/wp-json\/wp\/v2\/media?parent=7321"}],"curies":[{"name":"wp","href":"https:\/\/api.w.org\/{rel}","templated":true}]}}